{"id":8294,"date":"2026-03-25T14:36:39","date_gmt":"2026-03-25T11:36:39","guid":{"rendered":"https:\/\/notificarisuplimente.ro\/staging\/?page_id=8294"},"modified":"2026-04-03T14:50:21","modified_gmt":"2026-04-03T11:50:21","slug":"politica-de-confidentialitate","status":"publish","type":"page","link":"https:\/\/notificarisuplimente.ro\/staging\/politica-de-confidentialitate\/","title":{"rendered":"Politic\u0103 de confiden\u021bialitate"},"content":{"rendered":"\n<p>Regulamentul European 2016\/679 privind protec\u021bia persoanelor fizice se refer\u0103 la prelucrarea datelor cu caracter personal \u0219i libera circula\u021bie a acestor date.<\/p>\n\n\n\n<p>Scopul acestui regulament este cre\u0219terea nivelului de protec\u021bie a datelor personale \u0219i informarea persoanelor fizice despre modul \u0219i scopul \u00een care sunt utilizate datelor lor personale \u0219i modalitatea prin care pot solicita informa\u021bii \u0219i extragerea din comunit\u0103\u021bile \u00een care s-au \u00eenscris.<\/p>\n\n\n\n<p><strong>Ce date personale prelucr\u0103m?<\/strong><\/p>\n\n\n\n<p>Datele personale pe care le prelucr\u0103m sunt, \u00een principal, datele tale de identificare, demografice, de localizare sau alte date personale pe care le colect\u0103m direct de la tine sau din alte surse atunci c\u00e2nd devii clientul nostru, sau c\u00e2nd folose\u0219ti produsele sau serviciile noastre.<\/p>\n\n\n\n<p><strong>Cum prelucr\u0103m datele tale personale?<\/strong><\/p>\n\n\n\n<p>Prelucr\u0103m datele personale doar pentru scopul de a-\u021bi&nbsp;<strong>emite factura<\/strong>, pentru a&nbsp;<strong>\u00eentocmi contracte<\/strong>, pentru a-\u021bi<strong>&nbsp;comunica ofertele<\/strong>&nbsp;nostre comerciale sau pentru a<strong>&nbsp;trimite informa\u021bii periodice cu privire la activitatea societ\u0103\u021bii noastre<\/strong>. \u00cen plus datele tale le folosim pentru a putea livra c\u0103tre tine (prin&nbsp;<strong>firma de curierat<\/strong>) documente,&nbsp;sau pentru a-\u021bi emite factura cu ajutorul&nbsp;<strong>softului de contabilitate&nbsp;<\/strong>\u0219i pentru a putea preg\u0103ti actele legale contabile al\u0103turi de&nbsp;<strong>firma de contabilitate<\/strong>.<\/p>\n\n\n\n<p><strong>Cum po\u021bi s\u0103 administrezi acordurile exprimate?<\/strong><\/p>\n\n\n\n<p>Datele tale sunt fie colectate prin formularele de pe site-ul propriu fie prin servicii oferite de ter\u021bi precum Mailchimp. \u00cen ambele cazuri printr-o simpla solicitare pe mail la&nbsp;<a href=\"mailto:contact@notificarisuplimente.ro\">contact@notificarisuplimente.ro<\/a>&nbsp;\u00ee\u021bi punem la dispozi\u021bie toate informa\u021biile colectate. Dac\u0103 dore\u0219ti s\u0103 nu mai faci parte din comunitatea noastr\u0103 ne po\u021bi informa \u0219i datele tale sunt eliminate definitiv.<\/p>\n\n\n\n<p><strong>Comunic\u0103m date personale c\u0103tre al\u021bi destinatari?&nbsp;&nbsp;&nbsp;&nbsp;&nbsp;&nbsp;&nbsp;&nbsp;&nbsp;&nbsp;&nbsp;<\/strong><\/p>\n\n\n\n<p>Nu. Datele oferite de tine sunt folosite doar de noi pentru a-\u021bi comunica informa\u021biile pe care \u021bi-ai oferit consim\u021b\u0103m\u00e2ntul s\u0103 le prime\u0219ti.<\/p>\n\n\n\n<p><strong>C\u00e2t timp prelucr\u0103m datele personale?<\/strong><\/p>\n\n\n\n<p>Datele tale personale sunt prelucrate \u0219i stocate pe tot parcusul colabor\u0103rii dintre noi \u0219i dup\u0103 finalizare pe perioda impus\u0103 de prevederile legale \u00een domeniu.<\/p>\n\n\n\n<p><strong>Care sunt drepturile tale \u0219i cum pot fi exercitate?<\/strong><\/p>\n\n\n\n<ul class=\"wp-block-list\">\n<li>Dreptul la consim\u021b\u0103m\u00e2nt<\/li>\n\n\n\n<li>Dreptul la informare<\/li>\n\n\n\n<li>Dreptul de acces<\/li>\n\n\n\n<li>Dreptul la rectificare<\/li>\n\n\n\n<li>Dreptul la \u0219tergerea datelor (dreptul de a fi uitat)<\/li>\n\n\n\n<li>Dreptul la restric\u021bionarea prelucr\u0103rii<\/li>\n\n\n\n<li>Dreptul la portabilitatea datelor<\/li>\n\n\n\n<li>Dreptul de opozi\u021bie<\/li>\n<\/ul>\n\n\n\n<p>\u00ce\u021bi po\u021bi exercita aceste drepturi prin simpla transmitere a unei solicit\u0103ri la sediul nostru sau prin E-mail, la:&nbsp;<a href=\"mailto:contact@notificarisuplimente.ro\">contact@notificarisuplimente.ro<\/a><\/p>\n","protected":false},"excerpt":{"rendered":"<p>Regulamentul European 2016\/679 privind protec\u021bia persoanelor fizice se refer\u0103 la prelucrarea datelor cu caracter personal \u0219i libera circula\u021bie a acestor date. Scopul acestui regulament este cre\u0219terea nivelului de protec\u021bie a datelor personale \u0219i informarea persoanelor fizice despre modul \u0219i scopul \u00een care sunt utilizate datelor lor personale \u0219i modalitatea prin care pot solicita informa\u021bii \u0219i [&hellip;]<\/p>\n","protected":false},"author":4,"featured_media":0,"parent":0,"menu_order":0,"comment_status":"closed","ping_status":"closed","template":"","meta":{"footnotes":""},"class_list":["post-8294","page","type-page","status-publish","hentry"],"lang":"ro","translations":{"ro":8294,"en":8499},"pll_sync_post":[],"_links":{"self":[{"href":"https:\/\/notificarisuplimente.ro\/staging\/wp-json\/wp\/v2\/pages\/8294","targetHints":{"allow":["GET"]}}],"collection":[{"href":"https:\/\/notificarisuplimente.ro\/staging\/wp-json\/wp\/v2\/pages"}],"about":[{"href":"https:\/\/notificarisuplimente.ro\/staging\/wp-json\/wp\/v2\/types\/page"}],"author":[{"embeddable":true,"href":"https:\/\/notificarisuplimente.ro\/staging\/wp-json\/wp\/v2\/users\/4"}],"replies":[{"embeddable":true,"href":"https:\/\/notificarisuplimente.ro\/staging\/wp-json\/wp\/v2\/comments?post=8294"}],"version-history":[{"count":2,"href":"https:\/\/notificarisuplimente.ro\/staging\/wp-json\/wp\/v2\/pages\/8294\/revisions"}],"predecessor-version":[{"id":8421,"href":"https:\/\/notificarisuplimente.ro\/staging\/wp-json\/wp\/v2\/pages\/8294\/revisions\/8421"}],"wp:attachment":[{"href":"https:\/\/notificarisuplimente.ro\/staging\/wp-json\/wp\/v2\/media?parent=8294"}],"curies":[{"name":"wp","href":"https:\/\/api.w.org\/{rel}","templated":true}]}}